{"id":24,"date":"2019-01-17T13:13:55","date_gmt":"2019-01-17T13:13:55","guid":{"rendered":"https:\/\/demo.themeisle.com\/neve-zelle\/?page_id=24"},"modified":"2025-01-24T14:27:23","modified_gmt":"2025-01-24T17:27:23","slug":"publicidad","status":"publish","type":"page","link":"https:\/\/turismomartin.com.ar\/wp\/publicidad\/","title":{"rendered":"Publicit\u00e1 con nosotros"},"content":{"rendered":"\n<div class=\"wp-block-media-text is-stacked-on-mobile\"><figure class=\"wp-block-media-text__media\"><img fetchpriority=\"high\" decoding=\"async\" width=\"1024\" height=\"1024\" src=\"https:\/\/turismomartin.com.ar\/wp\/wp-content\/uploads\/2025\/01\/145-PUBLICIDAD-1024x1024.jpg\" alt=\"\" class=\"wp-image-728 size-full\" srcset=\"https:\/\/turismomartin.com.ar\/wp\/wp-content\/uploads\/2025\/01\/145-PUBLICIDAD-1024x1024.jpg 1024w, https:\/\/turismomartin.com.ar\/wp\/wp-content\/uploads\/2025\/01\/145-PUBLICIDAD-300x300.jpg 300w, https:\/\/turismomartin.com.ar\/wp\/wp-content\/uploads\/2025\/01\/145-PUBLICIDAD-150x150.jpg 150w, https:\/\/turismomartin.com.ar\/wp\/wp-content\/uploads\/2025\/01\/145-PUBLICIDAD-768x768.jpg 768w, https:\/\/turismomartin.com.ar\/wp\/wp-content\/uploads\/2025\/01\/145-PUBLICIDAD-1536x1536.jpg 1536w, https:\/\/turismomartin.com.ar\/wp\/wp-content\/uploads\/2025\/01\/145-PUBLICIDAD-2048x2048.jpg 2048w\" sizes=\"(max-width: 1024px) 100vw, 1024px\" \/><\/figure><div class=\"wp-block-media-text__content\">\n<p><strong>\u00a1Tu marca en movimiento con Turismo Mart\u00edn!<\/strong><\/p>\n\n\n\n<p>En <strong>Turismo Mart\u00edn<\/strong>, no solo llevamos personas a los destinos m\u00e1s incre\u00edbles de Argentina y Brasil, sino que tambi\u00e9n ofrecemos una oportunidad \u00fanica para que <strong>tu marca viaje con nosotros<\/strong>.<\/p>\n\n\n\n<p>A trav\u00e9s de <strong>publicidad en las lunetas<\/strong> y en los <strong>monitores internos<\/strong> de nuestros micros de larga distancia, tu mensaje llegar\u00e1 a miles de personas en rutas, terminales y destinos tur\u00edsticos clave.<\/p>\n\n\n\n<ul class=\"wp-block-list\">\n<li><strong>Lunetas:<\/strong> Tu marca visible en el exterior, impactando en cada parada y kil\u00f3metro recorrido.<\/li>\n\n\n\n<li><strong>Monitores internos:<\/strong> Espacios ideales para captar la atenci\u00f3n de los pasajeros durante el viaje.<\/li>\n<\/ul>\n\n\n\n<p><\/p>\n<\/div><\/div>\n\n\n\n<p class=\"has-text-align-center\">\u00a1Sumate a nuestra red y hac\u00e9 que tu marca cruce fronteras! \ud83c\udf0e\ud83d\ude8c<\/p>\n\n\n<div class=\"wpforms-container wpforms-block wpforms-block-bfe9a69a-5bb9-48ec-a09e-9d53ae0d174c\" id=\"wpforms-487\"><form id=\"wpforms-form-487\" class=\"wpforms-validate wpforms-form\" data-formid=\"487\" method=\"post\" enctype=\"multipart\/form-data\" action=\"\/wp\/wp-json\/wp\/v2\/pages\/24\" data-token=\"7f90ab14928120909b6b819f3363c6f2\" data-token-time=\"1778130961\"><noscript class=\"wpforms-error-noscript\">Por favor, activa JavaScript en tu navegador para completar este formulario.<\/noscript><div class=\"wpforms-field-container\"><div id=\"wpforms-487-field_1-container\" class=\"wpforms-field wpforms-field-name\" data-field-id=\"1\"><label class=\"wpforms-field-label\" for=\"wpforms-487-field_1\">Nombre y apellido <span class=\"wpforms-required-label\">*<\/span><\/label><input type=\"text\" id=\"wpforms-487-field_1\" class=\"wpforms-field-small wpforms-field-required\" name=\"wpforms[fields][1]\" required><\/div><div id=\"wpforms-487-field_2-container\" class=\"wpforms-field wpforms-field-email\" data-field-id=\"2\"><label class=\"wpforms-field-label\" for=\"wpforms-487-field_2\">Correo electr\u00f3nico <span class=\"wpforms-required-label\">*<\/span><\/label><input type=\"email\" id=\"wpforms-487-field_2\" class=\"wpforms-field-small wpforms-field-required\" name=\"wpforms[fields][2]\" spellcheck=\"false\" required><\/div><div id=\"wpforms-487-field_5-container\" class=\"wpforms-field wpforms-field-text\" data-field-id=\"5\"><label class=\"wpforms-field-label\" for=\"wpforms-487-field_5\">Telefono \/ Whatsapp <span class=\"wpforms-required-label\">*<\/span><\/label><input type=\"text\" id=\"wpforms-487-field_5\" class=\"wpforms-field-small wpforms-field-required\" name=\"wpforms[fields][5]\" required><\/div><div id=\"wpforms-487-field_3-container\" class=\"wpforms-field wpforms-field-text\" data-field-id=\"3\"><label class=\"wpforms-field-label\" for=\"wpforms-487-field_3\">Asunto <span class=\"wpforms-required-label\">*<\/span><\/label><input type=\"text\" id=\"wpforms-487-field_3\" class=\"wpforms-field-small wpforms-field-required\" name=\"wpforms[fields][3]\" required><\/div><div id=\"wpforms-487-field_4-container\" class=\"wpforms-field wpforms-field-textarea\" data-field-id=\"4\"><label class=\"wpforms-field-label\" for=\"wpforms-487-field_4\">Mensaje <span class=\"wpforms-required-label\">*<\/span><\/label><textarea id=\"wpforms-487-field_4\" class=\"wpforms-field-medium wpforms-field-required\" name=\"wpforms[fields][4]\" required><\/textarea><\/div><\/div><!-- .wpforms-field-container --><div class=\"wpforms-field wpforms-field-hp\"><label for=\"wpforms-487-field-hp\" class=\"wpforms-field-label\">Message<\/label><input type=\"text\" name=\"wpforms[hp]\" id=\"wpforms-487-field-hp\" class=\"wpforms-field-medium\"><\/div><div class=\"wpforms-submit-container\" ><input type=\"hidden\" name=\"wpforms[id]\" value=\"487\"><input type=\"hidden\" name=\"page_title\" value=\"\"><input type=\"hidden\" name=\"page_url\" value=\"https:\/\/turismomartin.com.ar\/wp\/wp-json\/wp\/v2\/pages\/24\"><input type=\"hidden\" name=\"url_referer\" value=\"\"><button type=\"submit\" name=\"wpforms[submit]\" id=\"wpforms-submit-487\" class=\"wpforms-submit\" data-alt-text=\"Sending\" data-submit-text=\"Enviar mensaje\" aria-live=\"assertive\" value=\"wpforms-submit\">Enviar mensaje<\/button><\/div><\/form><\/div>  <!-- .wpforms-container -->\n\n\n<p><\/p>\n","protected":false},"excerpt":{"rendered":"<p>\u00a1Sumate a nuestra red y hac\u00e9 que tu marca cruce fronteras! \ud83c\udf0e\ud83d\ude8c<\/p>\n","protected":false},"author":1,"featured_media":0,"parent":0,"menu_order":0,"comment_status":"closed","ping_status":"closed","template":"","meta":{"site-sidebar-layout":"default","site-content-layout":"","ast-site-content-layout":"default","site-content-style":"default","site-sidebar-style":"default","ast-global-header-display":"","ast-banner-title-visibility":"","ast-main-header-display":"","ast-hfb-above-header-display":"","ast-hfb-below-header-display":"","ast-hfb-mobile-header-display":"","site-post-title":"","ast-breadcrumbs-content":"","ast-featured-img":"","footer-sml-layout":"","theme-transparent-header-meta":"","adv-header-id-meta":"","stick-header-meta":"","header-above-stick-meta":"","header-main-stick-meta":"","header-below-stick-meta":"","astra-migrate-meta-layouts":"set","ast-page-background-enabled":"default","ast-page-background-meta":{"desktop":{"background-color":"","background-image":"","background-repeat":"repeat","background-position":"center center","background-size":"auto","background-attachment":"scroll","background-type":"","background-media":"","overlay-type":"","overlay-color":"","overlay-opacity":"","overlay-gradient":""},"tablet":{"background-color":"","background-image":"","background-repeat":"repeat","background-position":"center center","background-size":"auto","background-attachment":"scroll","background-type":"","background-media":"","overlay-type":"","overlay-color":"","overlay-opacity":"","overlay-gradient":""},"mobile":{"background-color":"","background-image":"","background-repeat":"repeat","background-position":"center center","background-size":"auto","background-attachment":"scroll","background-type":"","background-media":"","overlay-type":"","overlay-color":"","overlay-opacity":"","overlay-gradient":""}},"ast-content-background-meta":{"desktop":{"background-color":"var(--ast-global-color-5)","background-image":"","background-repeat":"repeat","background-position":"center center","background-size":"auto","background-attachment":"scroll","background-type":"","background-media":"","overlay-type":"","overlay-color":"","overlay-opacity":"","overlay-gradient":""},"tablet":{"background-color":"var(--ast-global-color-5)","background-image":"","background-repeat":"repeat","background-position":"center center","background-size":"auto","background-attachment":"scroll","background-type":"","background-media":"","overlay-type":"","overlay-color":"","overlay-opacity":"","overlay-gradient":""},"mobile":{"background-color":"var(--ast-global-color-5)","background-image":"","background-repeat":"repeat","background-position":"center center","background-size":"auto","background-attachment":"scroll","background-type":"","background-media":"","overlay-type":"","overlay-color":"","overlay-opacity":"","overlay-gradient":""}},"footnotes":""},"class_list":["post-24","page","type-page","status-publish","hentry"],"_links":{"self":[{"href":"https:\/\/turismomartin.com.ar\/wp\/wp-json\/wp\/v2\/pages\/24","targetHints":{"allow":["GET"]}}],"collection":[{"href":"https:\/\/turismomartin.com.ar\/wp\/wp-json\/wp\/v2\/pages"}],"about":[{"href":"https:\/\/turismomartin.com.ar\/wp\/wp-json\/wp\/v2\/types\/page"}],"author":[{"embeddable":true,"href":"https:\/\/turismomartin.com.ar\/wp\/wp-json\/wp\/v2\/users\/1"}],"replies":[{"embeddable":true,"href":"https:\/\/turismomartin.com.ar\/wp\/wp-json\/wp\/v2\/comments?post=24"}],"version-history":[{"count":9,"href":"https:\/\/turismomartin.com.ar\/wp\/wp-json\/wp\/v2\/pages\/24\/revisions"}],"predecessor-version":[{"id":748,"href":"https:\/\/turismomartin.com.ar\/wp\/wp-json\/wp\/v2\/pages\/24\/revisions\/748"}],"wp:attachment":[{"href":"https:\/\/turismomartin.com.ar\/wp\/wp-json\/wp\/v2\/media?parent=24"}],"curies":[{"name":"wp","href":"https:\/\/api.w.org\/{rel}","templated":true}]}}